{"id":28735,"date":"2022-10-05T17:56:00","date_gmt":"2022-10-05T17:56:00","guid":{"rendered":"https:\/\/www.theengineroom.org\/faq-frequently-asked-questions-about-tech-data\/"},"modified":"2024-11-27T13:45:24","modified_gmt":"2024-11-27T13:45:24","slug":"faq-questions-frequemment-posees","status":"publish","type":"page","link":"https:\/\/www.theengineroom.org\/fr\/faq-questions-frequemment-posees\/","title":{"rendered":"FAQ: QUESTIONS FR\u00c9QUEMMENT POS\u00c9ES SUR LES TECHNOLOGIES ET LES DONN\u00c9ES"},"content":{"rendered":"","protected":false},"excerpt":{"rendered":"","protected":false},"author":8,"featured_media":0,"parent":0,"menu_order":0,"comment_status":"closed","ping_status":"closed","template":"","meta":{"_acf_changed":false,"footnotes":""},"class_list":["post-28735","page","type-page","status-publish","hentry"],"acf":[],"yoast_head":"<!-- This site is optimized with the Yoast SEO plugin v27.4 - https:\/\/yoast.com\/product\/yoast-seo-wordpress\/ -->\n<title>FAQ: QUESTIONS FR\u00c9QUEMMENT POS\u00c9ES SUR LES TECHNOLOGIES ET LES DONN\u00c9ES - The Engine Room<\/title>\n<meta name=\"robots\" content=\"index, follow, max-snippet:-1, max-image-preview:large, max-video-preview:-1\" \/>\n<link rel=\"canonical\" href=\"https:\/\/www.theengineroom.org\/fr\/faq-questions-frequemment-posees\/\" \/>\n<meta property=\"og:locale\" content=\"fr_FR\" \/>\n<meta property=\"og:type\" content=\"article\" \/>\n<meta property=\"og:title\" content=\"FAQ: QUESTIONS FR\u00c9QUEMMENT POS\u00c9ES SUR LES TECHNOLOGIES ET LES DONN\u00c9ES - The Engine Room\" \/>\n<meta property=\"og:url\" content=\"https:\/\/www.theengineroom.org\/fr\/faq-questions-frequemment-posees\/\" \/>\n<meta property=\"og:site_name\" content=\"The Engine Room\" \/>\n<meta property=\"article:modified_time\" content=\"2024-11-27T13:45:24+00:00\" \/>\n<meta name=\"twitter:card\" content=\"summary_large_image\" \/>\n<meta name=\"twitter:site\" content=\"@EngnRoom\" \/>\n<script type=\"application\/ld+json\" class=\"yoast-schema-graph\">{\"@context\":\"https:\\\/\\\/schema.org\",\"@graph\":[{\"@type\":\"WebPage\",\"@id\":\"https:\\\/\\\/www.theengineroom.org\\\/fr\\\/faq-questions-frequemment-posees\\\/\",\"url\":\"https:\\\/\\\/www.theengineroom.org\\\/fr\\\/faq-questions-frequemment-posees\\\/\",\"name\":\"FAQ: QUESTIONS FR\u00c9QUEMMENT POS\u00c9ES SUR LES TECHNOLOGIES ET LES DONN\u00c9ES - The Engine Room\",\"isPartOf\":{\"@id\":\"https:\\\/\\\/www.theengineroom.org\\\/fr\\\/#website\"},\"datePublished\":\"2022-10-05T17:56:00+00:00\",\"dateModified\":\"2024-11-27T13:45:24+00:00\",\"breadcrumb\":{\"@id\":\"https:\\\/\\\/www.theengineroom.org\\\/fr\\\/faq-questions-frequemment-posees\\\/#breadcrumb\"},\"inLanguage\":\"fr-FR\",\"potentialAction\":[{\"@type\":\"ReadAction\",\"target\":[\"https:\\\/\\\/www.theengineroom.org\\\/fr\\\/faq-questions-frequemment-posees\\\/\"]}]},{\"@type\":\"BreadcrumbList\",\"@id\":\"https:\\\/\\\/www.theengineroom.org\\\/fr\\\/faq-questions-frequemment-posees\\\/#breadcrumb\",\"itemListElement\":[{\"@type\":\"ListItem\",\"position\":1,\"name\":\"Home\",\"item\":\"https:\\\/\\\/www.theengineroom.org\\\/fr\\\/\"},{\"@type\":\"ListItem\",\"position\":2,\"name\":\"FAQ: QUESTIONS FR\u00c9QUEMMENT POS\u00c9ES SUR LES TECHNOLOGIES ET LES DONN\u00c9ES\"}]},{\"@type\":\"WebSite\",\"@id\":\"https:\\\/\\\/www.theengineroom.org\\\/fr\\\/#website\",\"url\":\"https:\\\/\\\/www.theengineroom.org\\\/fr\\\/\",\"name\":\"The Engine Room\",\"description\":\"Supporting civil society to use technology and data in strategic, effective and responsible ways.\",\"publisher\":{\"@id\":\"https:\\\/\\\/www.theengineroom.org\\\/fr\\\/#organization\"},\"potentialAction\":[{\"@type\":\"SearchAction\",\"target\":{\"@type\":\"EntryPoint\",\"urlTemplate\":\"https:\\\/\\\/www.theengineroom.org\\\/fr\\\/?s={search_term_string}\"},\"query-input\":{\"@type\":\"PropertyValueSpecification\",\"valueRequired\":true,\"valueName\":\"search_term_string\"}}],\"inLanguage\":\"fr-FR\"},{\"@type\":\"Organization\",\"@id\":\"https:\\\/\\\/www.theengineroom.org\\\/fr\\\/#organization\",\"name\":\"The Engine Room\",\"url\":\"https:\\\/\\\/www.theengineroom.org\\\/fr\\\/\",\"logo\":{\"@type\":\"ImageObject\",\"inLanguage\":\"fr-FR\",\"@id\":\"https:\\\/\\\/www.theengineroom.org\\\/fr\\\/#\\\/schema\\\/logo\\\/image\\\/\",\"url\":\"https:\\\/\\\/www.theengineroom.org\\\/wp-content\\\/uploads\\\/2022\\\/11\\\/cropped-logo.png\",\"contentUrl\":\"https:\\\/\\\/www.theengineroom.org\\\/wp-content\\\/uploads\\\/2022\\\/11\\\/cropped-logo.png\",\"width\":1110,\"height\":108,\"caption\":\"The Engine Room\"},\"image\":{\"@id\":\"https:\\\/\\\/www.theengineroom.org\\\/fr\\\/#\\\/schema\\\/logo\\\/image\\\/\"},\"sameAs\":[\"https:\\\/\\\/x.com\\\/EngnRoom\",\"https:\\\/\\\/www.linkedin.com\\\/company\\\/theengineroom-org\\\/\"]}]}<\/script>\n<!-- \/ Yoast SEO plugin. -->","yoast_head_json":{"title":"FAQ: QUESTIONS FR\u00c9QUEMMENT POS\u00c9ES SUR LES TECHNOLOGIES ET LES DONN\u00c9ES - The Engine Room","robots":{"index":"index","follow":"follow","max-snippet":"max-snippet:-1","max-image-preview":"max-image-preview:large","max-video-preview":"max-video-preview:-1"},"canonical":"https:\/\/www.theengineroom.org\/fr\/faq-questions-frequemment-posees\/","og_locale":"fr_FR","og_type":"article","og_title":"FAQ: QUESTIONS FR\u00c9QUEMMENT POS\u00c9ES SUR LES TECHNOLOGIES ET LES DONN\u00c9ES - The Engine Room","og_url":"https:\/\/www.theengineroom.org\/fr\/faq-questions-frequemment-posees\/","og_site_name":"The Engine Room","article_modified_time":"2024-11-27T13:45:24+00:00","twitter_card":"summary_large_image","twitter_site":"@EngnRoom","schema":{"@context":"https:\/\/schema.org","@graph":[{"@type":"WebPage","@id":"https:\/\/www.theengineroom.org\/fr\/faq-questions-frequemment-posees\/","url":"https:\/\/www.theengineroom.org\/fr\/faq-questions-frequemment-posees\/","name":"FAQ: QUESTIONS FR\u00c9QUEMMENT POS\u00c9ES SUR LES TECHNOLOGIES ET LES DONN\u00c9ES - The Engine Room","isPartOf":{"@id":"https:\/\/www.theengineroom.org\/fr\/#website"},"datePublished":"2022-10-05T17:56:00+00:00","dateModified":"2024-11-27T13:45:24+00:00","breadcrumb":{"@id":"https:\/\/www.theengineroom.org\/fr\/faq-questions-frequemment-posees\/#breadcrumb"},"inLanguage":"fr-FR","potentialAction":[{"@type":"ReadAction","target":["https:\/\/www.theengineroom.org\/fr\/faq-questions-frequemment-posees\/"]}]},{"@type":"BreadcrumbList","@id":"https:\/\/www.theengineroom.org\/fr\/faq-questions-frequemment-posees\/#breadcrumb","itemListElement":[{"@type":"ListItem","position":1,"name":"Home","item":"https:\/\/www.theengineroom.org\/fr\/"},{"@type":"ListItem","position":2,"name":"FAQ: QUESTIONS FR\u00c9QUEMMENT POS\u00c9ES SUR LES TECHNOLOGIES ET LES DONN\u00c9ES"}]},{"@type":"WebSite","@id":"https:\/\/www.theengineroom.org\/fr\/#website","url":"https:\/\/www.theengineroom.org\/fr\/","name":"The Engine Room","description":"Supporting civil society to use technology and data in strategic, effective and responsible ways.","publisher":{"@id":"https:\/\/www.theengineroom.org\/fr\/#organization"},"potentialAction":[{"@type":"SearchAction","target":{"@type":"EntryPoint","urlTemplate":"https:\/\/www.theengineroom.org\/fr\/?s={search_term_string}"},"query-input":{"@type":"PropertyValueSpecification","valueRequired":true,"valueName":"search_term_string"}}],"inLanguage":"fr-FR"},{"@type":"Organization","@id":"https:\/\/www.theengineroom.org\/fr\/#organization","name":"The Engine Room","url":"https:\/\/www.theengineroom.org\/fr\/","logo":{"@type":"ImageObject","inLanguage":"fr-FR","@id":"https:\/\/www.theengineroom.org\/fr\/#\/schema\/logo\/image\/","url":"https:\/\/www.theengineroom.org\/wp-content\/uploads\/2022\/11\/cropped-logo.png","contentUrl":"https:\/\/www.theengineroom.org\/wp-content\/uploads\/2022\/11\/cropped-logo.png","width":1110,"height":108,"caption":"The Engine Room"},"image":{"@id":"https:\/\/www.theengineroom.org\/fr\/#\/schema\/logo\/image\/"},"sameAs":["https:\/\/x.com\/EngnRoom","https:\/\/www.linkedin.com\/company\/theengineroom-org\/"]}]}},"_links":{"self":[{"href":"https:\/\/www.theengineroom.org\/fr\/wp-json\/wp\/v2\/pages\/28735","targetHints":{"allow":["GET"]}}],"collection":[{"href":"https:\/\/www.theengineroom.org\/fr\/wp-json\/wp\/v2\/pages"}],"about":[{"href":"https:\/\/www.theengineroom.org\/fr\/wp-json\/wp\/v2\/types\/page"}],"author":[{"embeddable":true,"href":"https:\/\/www.theengineroom.org\/fr\/wp-json\/wp\/v2\/users\/8"}],"replies":[{"embeddable":true,"href":"https:\/\/www.theengineroom.org\/fr\/wp-json\/wp\/v2\/comments?post=28735"}],"version-history":[{"count":6,"href":"https:\/\/www.theengineroom.org\/fr\/wp-json\/wp\/v2\/pages\/28735\/revisions"}],"predecessor-version":[{"id":30484,"href":"https:\/\/www.theengineroom.org\/fr\/wp-json\/wp\/v2\/pages\/28735\/revisions\/30484"}],"wp:attachment":[{"href":"https:\/\/www.theengineroom.org\/fr\/wp-json\/wp\/v2\/media?parent=28735"}],"curies":[{"name":"wp","href":"https:\/\/api.w.org\/{rel}","templated":true}]}}